{"id":262,"date":"2018-08-08T16:37:44","date_gmt":"2018-08-08T13:37:44","guid":{"rendered":"http:\/\/www.bluenotes.fi\/FI\/?page_id=262"},"modified":"2024-09-29T11:31:10","modified_gmt":"2024-09-29T08:31:10","slug":"historia","status":"publish","type":"page","link":"http:\/\/www.bluenotes.fi\/FI\/?page_id=262","title":{"rendered":"Historia"},"content":{"rendered":"<div style=\"text-align: left;\">Maakunnassamme ja paljon laajemmaltikin jo er\u00e4\u00e4nlaiseksi k\u00e4sitteeksi muodostunut Blue Notes -orkesteri tuli vuonna 2022 toimineeksi yht\u00e4jaksoisesti per\u00e4ti 40 vuotta.<\/div>\n<div style=\"text-align: left;\">\n<p>T\u00e4n\u00e4 p\u00e4iv\u00e4n\u00e4 orkesteri tunnetaan varmasti laajalti koko maassa konserteistaan ja erityisesti joulukonserteistaan, jotka vuosittain vet\u00e4v\u00e4t konserttisalit t\u00e4yteen kerta toisensa j\u00e4lkeen.<\/p>\n<\/div>\n<div><\/div>\n<div style=\"text-align: left;\">Vuosien varrella on orkesteri viihdytt\u00e4nyt ja koskettanut kuulijoitaan mit\u00e4 erilaisimmissa tilaisuuksissa. Varsinkin alkuvuosina orkesteri keskittyi erityisesti tanssitilaisuuksiin ja niit\u00e4 kertyikin usein l\u00e4hemm\u00e4s sata tilaisuutta vuotta kohden. Tanssisoitto on pysynyt mukana koko toiminnan ajan ja onkin viime aikoina saanut uutta tulta purjeisiin Oikeat tanssit oikeaan aikaan \u2013teemalla.<\/div>\n<div style=\"text-align: left;\">\n<p>Blue notesin musiikillinen linja on vuosien varrella m\u00e4\u00e4rittynyt\u00a0 hyvinkin selke\u00e4ksi. Se on MUSIIKKI! Orkesteria voidaan yht\u00e4 hyvin kuulla niin kirkossa, konserttisalissa, kuin vaikkapa ravintolassa tai tanssilavalla.\u00a0 Ainoa l\u00e4ht\u00f6kohta on ollut, ja tulee olemaan, tehd\u00e4 musiikkia taidolla ja tasokkaasti, suurella rakkaudella niin musiikkiin kuin my\u00f6s yleis\u00f6\u00e4mme kohtaan.<\/p>\n<\/div>\n<div><\/div>\n<div style=\"text-align: left;\">Blue Notes \u2013 orkesterin perustivat monen yhteensattuman tuloksena Markku K\u00f6ntt\u00e4 ja\u00a0 Juhani Myller vuonna 1982. Heti alusta saakka mukaan tuli polvij\u00e4rvel\u00e4inen hanuristi\u00a0 Jouni Martikainen. N\u00e4m\u00e4 kaikki kolme herrasmiest\u00e4 ovat edelleenkin orkesterin kantavia voimia. Jonkin aikaa perustamisen j\u00e4lkeen kokoonpanoon liittyi saksofonisti Timo Karttunen ja pian my\u00f6s kitaristi Antti Teittinen.<\/div>\n<div style=\"text-align: left;\">\n<p>Muutama vuosi heid\u00e4n j\u00e4lkeens\u00e4 toiseksi kosketinsoittajaksi kokoonpanoon saatiin Tiina Pelkonen (nykyisin Tiina K\u00f6ntt\u00e4). Nykyisess\u00e4 kokoonpanossa soittavat edell\u00e4mainittujen lis\u00e4ksi my\u00f6s Juha Himanka (kitara), Ville-Pekka Tikkanen (rummut) ja Jouni Hirvonen (percussiosoittimet).<\/p>\n<\/div>\n<div><\/div>\n<div style=\"text-align: left;\">\n<p>Orkesterin kokoonpano m\u00e4\u00e4r\u00e4ytyy tilaisuuksien mukaan. Konserteissa Blue Notes soittaa ns. juhlakokoonpanossaan, jossa mukana orkesterin omat vakiosoittajat Helena Manninen (huilu), sek\u00e4 jousisoittajat Olli Hirvikangas, Jarmo K\u00e4hk\u00f6nen, Satu Piipponen ja Piritta Gr\u00f6hn. Vuosien mittaan orkesterissamme on soittanut reilusti yli viisikymment\u00e4 soittajaa. Taitaapa olla Juhani Myller, joka on ollut mukana jokaisella keikalla ja niit\u00e4h\u00e4n on ollut.\u00a0 Varovaisten merkint\u00f6jemme mukaan l\u00e4hes 4000 keikkaa, k\u00e4sitteen mit\u00e4 moninaisimmissa tarkoituksissa.<\/p>\n<\/div>\n<div><\/div>\n<div style=\"text-align: left;\">\n<p>Oma lukunsa ovat varmasti orkesterin laulusolistit. Merja Lappalainen oli ensimm\u00e4inen, joka toimi varsinaisesti solistin teht\u00e4v\u00e4ss\u00e4.\u00a0 Pitk\u00e4aikaisimpia solisteja ovat olleet Minna Kontkanen ja Tuula Piiroinen (nyk. Torn) sek\u00e4 Anne H\u00e4rk\u00f6nen. Tuula lauloi\u00a0 35-vuotis juhlakonsertissamme pitk\u00e4st\u00e4 aikaa j\u00e4lleen solistinamme. Orkesterin riveist\u00e4 on kasvanut useita laulajia, jotka ovat saaneet itselleen laulamisesta ammatin. Heit\u00e4 ovat esimerkiksi tangokuninkaalliset Niina P\u00e4iv\u00e4nurmi, Saija Tuupanen, Jenna B\u00e5geberg sek\u00e4 Erkki R\u00e4s\u00e4nen. T\u00e4m\u00e4n p\u00e4iv\u00e4n erinomaisista solisteista mainittakoon Salla Rautiainen, Jonna Pirinen (nyk. Douba), Ara Hayrabedian, Jukka Hakkarainen, Martta K\u00f6ntt\u00e4, Jenni Myller sek\u00e4 tietysti Kai Heikki.<\/p>\n<\/div>\n<div><\/div>\n<div style=\"text-align: left;\">Orkesteri on tehnyt vahvasti yhteisty\u00f6t\u00e4 lukuisten maamme eturivin laulajien kanssa. Johanna Rusanen\u2013Kartano, Laura Pyrr\u00f6, Anna Hanski, Arja Koriseva, Saija Varjus, Anne Mattila, Hanna Pakarinen, Milana Misic, Marion Rung, Susanna Heikki, Kai Hyttinen, Viktor Kallborek, Jussi Raittinen, Jukka Kuoppam\u00e4ki, Danny, Jorma Uotinen, Joel Hallikainen ovat kaikki esiintyneet orkesterimme solisteina.<\/div>\n<div style=\"text-align: left;\">Lukemattomia ovat ne henkil\u00f6t, joiden kanssa olemme saaneet musisoida yhteens\u00e4 jo sadoille tuhansille kuulijoille! Ty\u00f6 tai harrastus, toisin sanoen el\u00e4m\u00e4ntapa ja intohimo, jatkuu ja tulee p\u00e4iv\u00e4 p\u00e4iv\u00e4lt\u00e4 yh\u00e4 t\u00e4rke\u00e4mm\u00e4ksi.\u00a0 Olemme yhdess\u00e4 kokeneet valtavasti ja samalla kasvaneet yhdeksi musiikkiperheeksi! Mukana toiminnassa on jo seuraavakin sukupolvi, kuten juhlakonserteissamme saamme todeta ja ihailla. T\u00e4st\u00e4 on hienoa jatkaa eteenp\u00e4in!<\/div>\n<div style=\"text-align: left;\"><\/div>\n","protected":false},"excerpt":{"rendered":"<p>Maakunnassamme ja paljon laajemmaltikin jo er\u00e4\u00e4nlaiseksi k\u00e4sitteeksi muodostunut Blue Notes -orkesteri tuli vuonna 2022 toimineeksi yht\u00e4jaksoisesti per\u00e4ti 40 vuotta. T\u00e4n\u00e4 p\u00e4iv\u00e4n\u00e4 orkesteri tunnetaan varmasti laajalti koko maassa konserteistaan ja erityisesti joulukonserteistaan, jotka vuosittain vet\u00e4v\u00e4t konserttisalit t\u00e4yteen kerta toisensa j\u00e4lkeen. Vuosien varrella on orkesteri viihdytt\u00e4nyt ja koskettanut kuulijoitaan mit\u00e4 erilaisimmissa tilaisuuksissa. Varsinkin alkuvuosina orkesteri keskittyi erityisesti [&hellip;]<\/p>\n","protected":false},"author":1,"featured_media":0,"parent":0,"menu_order":0,"comment_status":"closed","ping_status":"closed","template":"","meta":{"footnotes":""},"class_list":["post-262","page","type-page","status-publish","hentry"],"_links":{"self":[{"href":"http:\/\/www.bluenotes.fi\/FI\/index.php?rest_route=\/wp\/v2\/pages\/262","targetHints":{"allow":["GET"]}}],"collection":[{"href":"http:\/\/www.bluenotes.fi\/FI\/index.php?rest_route=\/wp\/v2\/pages"}],"about":[{"href":"http:\/\/www.bluenotes.fi\/FI\/index.php?rest_route=\/wp\/v2\/types\/page"}],"author":[{"embeddable":true,"href":"http:\/\/www.bluenotes.fi\/FI\/index.php?rest_route=\/wp\/v2\/users\/1"}],"replies":[{"embeddable":true,"href":"http:\/\/www.bluenotes.fi\/FI\/index.php?rest_route=%2Fwp%2Fv2%2Fcomments&post=262"}],"version-history":[{"count":11,"href":"http:\/\/www.bluenotes.fi\/FI\/index.php?rest_route=\/wp\/v2\/pages\/262\/revisions"}],"predecessor-version":[{"id":654,"href":"http:\/\/www.bluenotes.fi\/FI\/index.php?rest_route=\/wp\/v2\/pages\/262\/revisions\/654"}],"wp:attachment":[{"href":"http:\/\/www.bluenotes.fi\/FI\/index.php?rest_route=%2Fwp%2Fv2%2Fmedia&parent=262"}],"curies":[{"name":"wp","href":"https:\/\/api.w.org\/{rel}","templated":true}]}}