{"id":2,"date":"2014-04-22T10:51:04","date_gmt":"2014-04-22T10:51:04","guid":{"rendered":"http:\/\/www.bluenotes.fi\/FI\/?page_id=2"},"modified":"2020-11-24T22:02:16","modified_gmt":"2020-11-24T20:02:16","slug":"esimerkkisivu","status":"publish","type":"page","link":"http:\/\/www.bluenotes.fi\/FI\/?page_id=2","title":{"rendered":"Etusivu"},"content":{"rendered":"<p>Bluenotes&#8230;<\/p>\n\n\n<p>Joulumielt\u00e4 jokaiselle -konsertit on peruttu Pohjois-Karjalassa koronatilanteen vuoksi.<\/p>\n\n\n\n<p>Konsertit olisi j\u00e4rjestetty Nurmeksen kirkossa 4.12. ja Joensuussa Carelia-salissa 12. ja 13.12.<\/p>\n\n\n\n<p>&#8221;On todella ik\u00e4v\u00e4\u00e4 ja monin tavoin harmillista tehd\u00e4 t\u00e4llainen p\u00e4\u00e4t\u00f6s, mutta meid\u00e4n on osaltamme tunnettava vastuu niin yleis\u00f6st\u00e4 kuin my\u00f6s kaikista esiintyjist\u00e4,&#8221; sanoo Markku K\u00f6ntt\u00e4.<\/p>\n\n\n\n<p>Joulukonserttien solisteina olisi n\u00e4hty muun muassa Johanna Rusanen-Kartano, Arja Koriseva, Erkki R\u00e4s\u00e4nen ja Jenna B\u00e5geberg.<\/p>\n\n\n\n<p>T\u00e4m\u00e4n vuoden konserttiin ennakkoon ostetut liput voi palauttaa lipun ostopaikkaan<\/p>\n\n\n\n<p>&#8221;Nyt on konsertin suhteen suunnattava katseet jouluun 2021, jolloin viet\u00e4mme Joulumielt\u00e4 jokaiselle -konsertin 30-vuotisjuhlavuotta,&#8221; K\u00f6ntt\u00e4 toteaa.<\/p>\n","protected":false},"excerpt":{"rendered":"<p>Bluenotes&#8230; Joulumielt\u00e4 jokaiselle -konsertit on peruttu Pohjois-Karjalassa koronatilanteen vuoksi. Konsertit olisi j\u00e4rjestetty Nurmeksen kirkossa 4.12. ja Joensuussa Carelia-salissa 12. ja 13.12. &#8221;On todella ik\u00e4v\u00e4\u00e4 ja monin tavoin harmillista tehd\u00e4 t\u00e4llainen p\u00e4\u00e4t\u00f6s, mutta meid\u00e4n on osaltamme tunnettava vastuu niin yleis\u00f6st\u00e4 kuin my\u00f6s kaikista esiintyjist\u00e4,&#8221; sanoo Markku K\u00f6ntt\u00e4. Joulukonserttien solisteina olisi n\u00e4hty muun muassa Johanna Rusanen-Kartano, Arja [&hellip;]<\/p>\n","protected":false},"author":1,"featured_media":0,"parent":0,"menu_order":0,"comment_status":"open","ping_status":"open","template":"","meta":{"footnotes":""},"class_list":["post-2","page","type-page","status-publish","hentry"],"_links":{"self":[{"href":"http:\/\/www.bluenotes.fi\/FI\/index.php?rest_route=\/wp\/v2\/pages\/2","targetHints":{"allow":["GET"]}}],"collection":[{"href":"http:\/\/www.bluenotes.fi\/FI\/index.php?rest_route=\/wp\/v2\/pages"}],"about":[{"href":"http:\/\/www.bluenotes.fi\/FI\/index.php?rest_route=\/wp\/v2\/types\/page"}],"author":[{"embeddable":true,"href":"http:\/\/www.bluenotes.fi\/FI\/index.php?rest_route=\/wp\/v2\/users\/1"}],"replies":[{"embeddable":true,"href":"http:\/\/www.bluenotes.fi\/FI\/index.php?rest_route=%2Fwp%2Fv2%2Fcomments&post=2"}],"version-history":[{"count":4,"href":"http:\/\/www.bluenotes.fi\/FI\/index.php?rest_route=\/wp\/v2\/pages\/2\/revisions"}],"predecessor-version":[{"id":577,"href":"http:\/\/www.bluenotes.fi\/FI\/index.php?rest_route=\/wp\/v2\/pages\/2\/revisions\/577"}],"wp:attachment":[{"href":"http:\/\/www.bluenotes.fi\/FI\/index.php?rest_route=%2Fwp%2Fv2%2Fmedia&parent=2"}],"curies":[{"name":"wp","href":"https:\/\/api.w.org\/{rel}","templated":true}]}}